{"id":21,"date":"2023-06-16T21:52:04","date_gmt":"2023-06-16T19:52:04","guid":{"rendered":"http:\/\/regrescoaching.com\/?page_id=21"},"modified":"2023-06-16T22:00:00","modified_gmt":"2023-06-16T20:00:00","slug":"domov","status":"publish","type":"page","link":"https:\/\/regrescoaching.com\/de\/","title":{"rendered":"Domov"},"content":{"rendered":"<section id=\"hero\" data-images=\"[\" http:\\\/\\\/regrescoaching.com\\\/wp-content\\\/uploads\\\/2019\\\/06\\\/pink-flowers-blossom-branch-clean-sky-flowers-14414.jpg\"]\"=\"\" class=\"hero-slideshow-wrapper hero-slideshow-normal loaded\" style=\"position: relative; z-index: 0; background: none;\">\n<div class=\"container\">\n<div class=\"hero__content hero-content-style1\">\n<h2 class=\"hero-large-text\"><span class=\"js-rotating morphext\"><span class=\"animated flipInX\">R\u00fcckf\u00fchruns &#8211; coaching | R\u00fcckf\u00fchrung analyse<\/span><\/span><\/h2>\n<p class=\"hero-small-text\">\n<p><span class=\"js-rotating morphext\"><span class=\"animated flipInX\">Wie hilft das?<br \/>\nDurch das Ausleben der Gef\u00fchle, bei Wiedererleben jener Situation, kann die Lebensenergie fliessen und man f\u00fchlt sich befreit. Z\u00fcr\u00fcckhalten, also nicht aussleben von diesen Gef\u00fchlen, heisst weitere Fortsetzung von Verhaltensmustern oder Reationsmustern. | \u00dcber 25 J. die ich mit Klienten Stunden und Stunden mit zuh\u00f6ren, reden, anylysieren derer Probleme und den damit verbundenen Gef\u00fchlen verbracht habe, L\u00f6sunge gefunden haben, ist es langsam, fliessend in coaching \u00fcbergegangen.<\/span><\/span><\/p>\n<p><a href=\"http:\/\/regrescoaching.com\/de\/o-mne\" class=\"btn btn-theme-primary btn-lg\">\u00dcBER MICH<\/a>\t\t\t\t\t\t<a href=\"http:\/\/regrescoaching.com\/de\/certifikaty-a-seminare\" class=\"btn btn-secondary-outline btn-lg\">Zertifikate und seminare<\/a>\t\t\t\t\t<\/div>\n<\/div>\n<div class=\"backstretch\" style=\"left: 0px; top: 0px; overflow: hidden; margin: 0px; padding: 0px; height: 100%; width: 1903px; z-index: -999998; position: absolute;\"><img decoding=\"async\" src=\"http:\/\/regrescoaching.com\/wp-content\/uploads\/2019\/06\/pink-flowers-blossom-branch-clean-sky-flowers-14414.jpg\" style=\"position: absolute; margin: 0px; padding: 0px; border: none; width: 1903px; height: 1268.57px; max-height: none; max-width: none; z-index: -999999; left: 0px; top: -289.783px;\"><\/div>\n<\/section>\n<div id=\"content\" class=\"site-content\">\n\t\t<main id=\"main\" class=\"site-main\" role=\"main\"><\/p>\n<section id=\"slu\u017eby\" class=\"section-services section-padding section-meta onepage-section\">\n<div class=\"container\">\n<div class=\"section-title-area\">\n<h5 class=\"section-subtitle\">Wie hilft das?<\/h5>\n<h2 class=\"section-title\">Wie steht\u00b4s mit Schuldgef\u00fchlen?<\/h2>\n<div class=\"section-desc\">\n<p>Wir neigen dazu sie weiterzutragen, auch wenn der Grund schon lange den Sinn verloren hat. Das kann zur unbewussten Selbstzerst\u00f6rung f\u00fchren. RFA macht diese Gef\u00fchle nicht st\u00e4rker, aber erm\u00f6glicht uns sie endlich losszuwerden. Manchmal sind Schuldgef\u00fchle irrt\u00fcmlich, wir glauben nur, das wir schuldig sind, oder jemand hat es uns eingeredet Seelische Verletzungen der Vergangenheit, die wir nicht kennen (oder wollen \u00fcber die nichts wissen), vervolgen uns st\u00e4ndig wie Schatten und haben \u00fcber uns merkw\u00fcrdige Macht. Verursachen Muster und nicht gewollte (unbewusste) Reaktionen. Wenn wir sie erkennen, verlieren diese Muster viel von derer Kraft und dann sind wir im Stande, mit denen verbundenen Gefuhle in unserem Unbewusstem ICH, (die bergraben waren) sie aufzul\u00f6sen und frei sein.<\/p>\n<\/div><\/div>\n<div class=\"row\">\n                                    <\/div>\n<\/p><\/div>\n<\/section>\n<p>            \t\t\t<\/main>\n\t<\/div>\n","protected":false},"excerpt":{"rendered":"<p>R\u00fcckf\u00fchruns &#8211; coaching | R\u00fcckf\u00fchrung analyse Wie hilft das? Durch das Ausleben der Gef\u00fchle, bei Wiedererleben jener Situation, kann die Lebensenergie fliessen und man f\u00fchlt sich befreit. Z\u00fcr\u00fcckhalten, also nicht &#8230;<\/p>\n","protected":false},"author":1,"featured_media":0,"parent":0,"menu_order":0,"comment_status":"closed","ping_status":"open","template":"template-fullwidth-stretched.php","meta":{"footnotes":""},"class_list":["post-21","page","type-page","status-publish","hentry"],"translation":{"provider":"WPGlobus","version":"3.0.2","language":"de","enabled_languages":["sk","en","de"],"languages":{"sk":{"title":true,"content":true,"excerpt":false},"en":{"title":false,"content":true,"excerpt":false},"de":{"title":false,"content":true,"excerpt":false}}},"_links":{"self":[{"href":"https:\/\/regrescoaching.com\/de\/wp-json\/wp\/v2\/pages\/21","targetHints":{"allow":["GET"]}}],"collection":[{"href":"https:\/\/regrescoaching.com\/de\/wp-json\/wp\/v2\/pages"}],"about":[{"href":"https:\/\/regrescoaching.com\/de\/wp-json\/wp\/v2\/types\/page"}],"author":[{"embeddable":true,"href":"https:\/\/regrescoaching.com\/de\/wp-json\/wp\/v2\/users\/1"}],"replies":[{"embeddable":true,"href":"https:\/\/regrescoaching.com\/de\/wp-json\/wp\/v2\/comments?post=21"}],"version-history":[{"count":5,"href":"https:\/\/regrescoaching.com\/de\/wp-json\/wp\/v2\/pages\/21\/revisions"}],"predecessor-version":[{"id":116,"href":"https:\/\/regrescoaching.com\/de\/wp-json\/wp\/v2\/pages\/21\/revisions\/116"}],"wp:attachment":[{"href":"https:\/\/regrescoaching.com\/de\/wp-json\/wp\/v2\/media?parent=21"}],"curies":[{"name":"wp","href":"https:\/\/api.w.org\/{rel}","templated":true}]}}