{"id":26,"date":"2023-06-16T22:01:34","date_gmt":"2023-06-16T20:01:34","guid":{"rendered":"http:\/\/regrescoaching.com\/?page_id=26"},"modified":"2023-06-16T22:04:24","modified_gmt":"2023-06-16T20:04:24","slug":"o-mne","status":"publish","type":"page","link":"https:\/\/regrescoaching.com\/de\/o-mne\/","title":{"rendered":"\u00dcBER MICH"},"content":{"rendered":"<p><img loading=\"lazy\" decoding=\"async\" class=\"size-full wp-image-13 alignleft\" src=\"http:\/\/regrescoaching.com\/wp-content\/uploads\/2019\/06\/IMG_1692-Edit.jpg\" alt=\"\" width=\"250\" height=\"375\" \/><\/p>\n<p>Ich wurde in der Slowakei \u2013 in Bratislava \u2013 als zweite Tochter in einer gemischten ungarisch-\u00f6sterreichischen Familie geboren, in der sich die Kulturen, die K\u00fcche und die Sprache zusammen vermischten. In fr\u00fcher Kindheit, aber auch mein ganzes Leben lang, stand mir meine OMA \/die Mutter meines Vaters\/, die jeder wegen ihrer Offenheit, Geduld, G\u00fcte, Bescheidenheit und ihrem nat\u00fcrlichen Verh\u00e4ltnis zu GOTT mochte, meine Begleitperson, die sich bis zu ihrem 91. Lebensjahr in meiner N\u00e4he befand. Meine Eigenartigkeit, Neugierigkeit, Seltsamkeit, mein Interesse f\u00fcrs\u00a0Untypische st\u00f6rten sie und meinen Vater nicht, stets vermittelten sie mir, dass sie mich lieben, egal wie ich bin, nur in fremder Umgebung f\u00fchlte ich mich unsicher. Doch ich lernte schnell, wie die Umgebung mich haben m\u00f6chte und habe mich dem angepasst.<\/p>\n<p>Mein Kindheitstraum \u00c4rztin zu sein, verlieh mir Freude an dem Gedanken, anderen zu helfen. Die \u00c4rzte sprachen in meiner Pubert\u00e4t die Fehldiagnose aus, dass ich keine Kinder bekommen k\u00f6nne, aber als ich dann pl\u00f6tzlich erfuhr, dass ich schwanger bin, drei Monate bevor der Matura, habe ich sofort mein Medizinstudium gegen die Rolle der Mutter und Ehefrau eingetauscht. Als ich mit 26 Jahren und zwei Kindern mit der Scheidung konfrontiert wurde und 12 Stunden danach auch noch v\u00f6llig unerwartet mein geliebter Vater starb, verlor ich den Boden unter den F\u00fc\u00dfen. Ich wollte keine \u00c4rzte, Antidepressiva gab es damals bei uns noch nicht, also begann ich nach der Wende, Vortr\u00e4ge und Seminare zu besuchen, interessante B\u00fccher auf Deutsch zu lesen, die damals noch nicht \u00fcbersetzt worden waren und scheinbar meine Fragen beantworten konnten und es \u00f6ffneten sich auch andere Wege zur Hilfe. Meine zweite Muttersprache\u00a0 &#8211; Deutsch, erwies sich als Hilfe. Ich bekam die Gelegenheit, bei einer GmbH zu arbeiten, dann in einer anderen, wobei es mir die Honorare erm\u00f6glichten, Kurse im Ausland zu absolvieren. Sp\u00e4ter machte ich bei einem Unternehmen nur noch Verwaltungsarbeit meine prim\u00e4re Arbeit \u2013 meine Passion und Herzenssache \u2013 ist die Beratung bei einem gesunden Lebensstil geworden.<\/p>\n<p>Es \u00f6ffnete sich neue Welt, in der ich verstand, wozu man f\u00e4hig sein kann, wenn man nur will. Es gab mir einen Sinn, zuerst sich selbst, ohne \u201eKittel und Titel\u201c und denen, die alternative Richtungen akzeptierten und annehmen, zu helfen, egal welcher Religion, Hautfarbe oder welchen Alters sie sind und dies wunderbar mit klassischer Medizin vereinbaren zu k\u00f6nnen.<\/p>\n","protected":false},"excerpt":{"rendered":"<p>Ich wurde in der Slowakei \u2013 in Bratislava \u2013 als zweite Tochter in einer gemischten ungarisch-\u00f6sterreichischen Familie geboren, in der sich die Kulturen, die K\u00fcche und die Sprache zusammen vermischten. &#8230;<\/p>\n","protected":false},"author":1,"featured_media":0,"parent":0,"menu_order":0,"comment_status":"closed","ping_status":"open","template":"template-fullwidth.php","meta":{"footnotes":""},"class_list":["post-26","page","type-page","status-publish","hentry"],"translation":{"provider":"WPGlobus","version":"3.0.2","language":"de","enabled_languages":["sk","en","de"],"languages":{"sk":{"title":true,"content":true,"excerpt":false},"en":{"title":true,"content":true,"excerpt":false},"de":{"title":true,"content":true,"excerpt":false}}},"_links":{"self":[{"href":"https:\/\/regrescoaching.com\/de\/wp-json\/wp\/v2\/pages\/26","targetHints":{"allow":["GET"]}}],"collection":[{"href":"https:\/\/regrescoaching.com\/de\/wp-json\/wp\/v2\/pages"}],"about":[{"href":"https:\/\/regrescoaching.com\/de\/wp-json\/wp\/v2\/types\/page"}],"author":[{"embeddable":true,"href":"https:\/\/regrescoaching.com\/de\/wp-json\/wp\/v2\/users\/1"}],"replies":[{"embeddable":true,"href":"https:\/\/regrescoaching.com\/de\/wp-json\/wp\/v2\/comments?post=26"}],"version-history":[{"count":3,"href":"https:\/\/regrescoaching.com\/de\/wp-json\/wp\/v2\/pages\/26\/revisions"}],"predecessor-version":[{"id":29,"href":"https:\/\/regrescoaching.com\/de\/wp-json\/wp\/v2\/pages\/26\/revisions\/29"}],"wp:attachment":[{"href":"https:\/\/regrescoaching.com\/de\/wp-json\/wp\/v2\/media?parent=26"}],"curies":[{"name":"wp","href":"https:\/\/api.w.org\/{rel}","templated":true}]}}