{"id":32,"date":"2023-06-16T22:05:43","date_gmt":"2023-06-16T20:05:43","guid":{"rendered":"http:\/\/regrescoaching.com\/?page_id=32"},"modified":"2023-06-16T23:15:13","modified_gmt":"2023-06-16T21:15:13","slug":"praca","status":"publish","type":"page","link":"https:\/\/regrescoaching.com\/de\/praca\/","title":{"rendered":"Arbeit"},"content":{"rendered":"\r\n<p>Nach der Wende bei uns \/1989\/ war es m\u00f6glich, neue Kurse bei uns zu absolvieren und es wurden\r\n\u201cinteressante Bucher\u201c \u00fcbersetzt. Nach dem Absolvieren von REIKI \u2013 Kursen begann\r\nich zu Hause Kurse abzuhalten und numerologische Beratungen zu machen, ein Jahr\r\nsp\u00e4ter kam noch die R\u00fcckf\u00fchrungstechnik \/RT \/dazu. Nach dem Erhalt einer\r\nLehrlizenz im Jahre 2000 kamen au\u00dfer Beratungen auch diese Kurse dazu.<\/p>\r\n\r\n\r\n\r\n<p>Nach Anfrage von Dr. J .E. SIGDELL im Jahre 2007 begann ich, mit ihm Kurse und Sitzungen als zweiter Lehrer in deutschsprachigen L\u00e4ndern \/AT, CH, D\/ zu machen. \u00dcber die Organisation <a href=\"https:\/\/www.frankfurter-ring.de\/\">frankfurter-ring.de<\/a> arbeite ich seitdem auch in Frankfurt\/Main.<\/p>\r\n\r\n\r\n\r\n<p>St\u00e4ndig bringe ich Neues in die urspr\u00fcngliche\r\nR\u00fcckf\u00fchrung ein, viel von dem, was ich selber absolviert habe, denn alles\r\n\u00e4ndert und entwickelt sich st\u00e4ndig, und die heutige Sicht f\u00fcr solche Themen ist\r\nanders, als es vor 20, 10 oder 5 Jahren der Fall war und der Wunsch, &nbsp;aus dem \u201everhexten Kreis\u201c rauszukommen, ist auch\r\nheute da.<\/p>\r\n\r\n\r\n\r\n<p><strong><em>R\u00fcckf\u00fchrung\r\n&nbsp;\/RF\/&nbsp;\r\n&#8211; R\u00fcckf\u00fchrungsanalyse -\/RFA\/<\/em><\/strong><\/p>\r\n\r\n\r\n\r\n<p><strong>Nichthypnotische\r\nR\u00fcckf\u00fchrungsanalyse,<\/strong> nach der Methode von <strong>B.&nbsp;Jameison (USA)<\/strong> und&nbsp;<strong>J.&nbsp;E.&nbsp;Sigdell (S), <\/strong>stellt eine\r\nemotionale Befreiung \u00fcber die R\u00fcckf\u00fchrung in vergangene Erlebnisse oder Leben\r\ndar.<\/p>\r\n\r\n\r\n\r\n<p>Seelische Verletzungen aus der Vergangenheit,\r\ndie wir nicht kennen (oder von der wir nichts wissen wollen), verfolgen uns wie\r\nSchatten und haben \u00fcber uns besondere Macht. Sie verursachen Muster\r\nund&nbsp;ungewollte (unbewusste) Reaktionen. Wenn wir sie erkennen, verlieren\r\ndiese Muster viel von derer Macht und dann sind wir im Stande, die damit\r\nverbundenen Gef\u00fchle in unserem unbewusste ICH, (die vergraben waren) auszuleben\r\nund uns zu befreien.<\/p>\r\n\r\n\r\n\r\n<p>Warum?<\/p>\r\n\r\n\r\n\r\n<p>Das\r\nProblem wird zum Ursprung zur\u00fcckverfolgt, man sucht das traumatische Erlebnis,\r\nim fr\u00fcheren Leben, im K\u00f6rper der Mutter, in der Kindheit oder im heutigen\r\nLeben. Sch\u00f6ne Erlebnisse verursachen keine Probleme! Traumata verfolgen uns, es\r\nist egal, wie lange wir sie schon in uns mit Lebensenergie \u201eern\u00e4hren\u201c. Das\r\ngeistig befreiende Erlebnis kann zur L\u00f6sung pers\u00f6nlicher Probleme f\u00fchren und\r\neine entscheidende Hilfe sein, z. B. bei Angst, Phobien, alten\r\nVerhaltensgewohnheiten, Problemen in den pers\u00f6nlichen, den dienstlichen oder\r\nnachbarschaftlichen Verh\u00e4ltnissen&#8230;<\/p>\r\n\r\n\r\n\r\n<p><em>Wie hilft das?<\/em><\/p>\r\n\r\n\r\n\r\n<p>Durch\r\ndas Ausleben der Gef\u00fchle, bei Wiedererleben jener Situation, kann die\r\nLebensenergie flie\u00dfen und man f\u00fchlt sich befreit. Das Zur\u00fcckhalten, also Nichtausleben\r\nvon diesen Gef\u00fchlen, hei\u00dft eine weitere Fortsetzung von Verhaltensmustern oder\r\nReaktionsmustern. Die unbewusste Erinnerung (im unbewussten ICH) oder ein vergessenes\r\nuraltes Trauma, wird durch ein \u00e4hnliches Problem in heutiger Situation daf\u00fcr\r\nsorgen, dass die alten Gef\u00fchle aktiv werden und dies f\u00fchrt zu entsprechenden,\r\nungewollten Reaktionen. Wenn wir empfundene Erinnerung wieder erleben, ist die Aktivierung\r\nauf eine Art und Weise da und das urspr\u00fcnglich kodierte Programm entl\u00e4dt sich.<\/p>\r\n\r\n\r\n\r\n<p>Gef\u00fchle\r\nzu wahrem Ursprung (die jetzt bewusst sind) relativieren sich und es ist\r\nm\u00f6glich, sie heute zu Ende f\u00fchren.<\/p>\r\n\r\n\r\n\r\n<p><em>Wie steht\u00b4s mit Schuldgef\u00fchlen?<\/em> <\/p>\r\n\r\n\r\n\r\n<p>Wir\r\nneigen dazu sie weiterzutragen, auch wenn der Grund schon lange den Sinn verloren\r\nhat. Das kann zur unbewussten Selbstzerst\u00f6rung f\u00fchren. RFA macht diese Gef\u00fchle\r\nnicht st\u00e4rker, sondern erm\u00f6glicht uns, sie endlich loszuwerden.<\/p>\r\n\r\n\r\n\r\n<p>Manchmal\r\nsind Schuldgef\u00fchle irrt\u00fcmlich, wir glauben nur, dass wir schuldig sind oder\r\njemand hat es uns eingeredet.<\/p>\r\n\r\n\r\n\r\n<p><em>Wie ist es m\u00f6glich?<\/em><\/p>\r\n\r\n\r\n\r\n<p>Die\r\nunbewusste Erinnerung und das im bewusstem ICH&nbsp;\r\nvergessene Urtrauma f\u00fcr das aktuelle Problem wird durch \u00c4hnlichkeiten\r\nvon Situationen und Umst\u00e4nden im heutigen \/erwachsenen\/ Leben ber\u00fchrt, dies l\u00f6st\r\ndie alten Gef\u00fchle aus und f\u00fchrt zu entsprechenden&nbsp; ungewollten Reaktionen. Ist dieser \u201eSpuk\u201c\r\nentlarvt und die Gef\u00fchlserinnerung durchlebt, ist sie gewisserma\u00dfen entladen\r\nund das damals eingepr\u00e4gte Programmgel\u00f6scht.<\/p>\r\n\r\n\r\n\r\n<p><strong><em>COACHING<\/em><\/strong><\/p>\r\n\r\n\r\n\r\n<p><strong><em>C O A&nbsp;C H I&nbsp;N<\/em><\/strong><strong> <em>G<\/em><\/strong><\/p>\r\n\r\n\r\n\r\n<p><strong><em>R\u00fcckf\u00fchrungscoaching \/RFC\/<\/em><\/strong><\/p>\r\n\r\n\r\n\r\n<p>\u00dcber 25 Jahre, die ich mit Klienten Stunden und Stunden\r\nmit Zuh\u00f6ren, Reden, Analysieren ihrer Probleme und den damit verbundenen Gef\u00fchlen\r\nverbracht und L\u00f6sungen gefunden haben, ging das Ganze mit der Zeit flie\u00dfend ins\r\nCoaching \u00fcber.<\/p>\r\n\r\n\r\n\r\n<p>Es klingt f\u00fcr die\r\nheutige, eher technisch orientierte Gesellschaft annehmbarer als die Namen\r\nzuvor, die zu esoterisch und spirituell waren. Auch wenn es vielen egal ist,\r\nwie es \u201egemacht\u201c wird, Hauptsache, sie sind danach frei davon. Heutzutage\r\nbraucht man nicht in die uralte Vergangenheit zu gehen, es reicht aus, das\r\nGef\u00fchl zu finden, was ihn n\u00e4hrt.<\/p>\r\n\r\n\r\n\r\n<p>Es sind sogenannte\r\nR\u00fcckf\u00fchrungscoachings, denn zur eigenen Kraft zu gelangen,\r\nohne den vorher existierenden Ballast, man versucht zwar mehr Druck zu machen,\r\naber die Psyche kann es auf die Dauer nicht aushalten, die psychische\r\nGesundheit wird mit Medikamenten \u00fcberbr\u00fcckt, doch die k\u00f6rperliche Gesundheit zerbricht\r\nauch irgendwann&#8230; man steht st\u00e4ndig unter Stress, die Zeit f\u00fcr Regeneration\r\nwird k\u00fcrzer, man erholt sich auch unter Stress, so viel wie m\u00f6glich in k\u00fcrzerer\r\nZeit \u201eaufzutanken\u201c ist das Motto.<\/p>\r\n\r\n\r\n\r\n<p>Es wird kaum genossen, da ist nur die physische \u201eGegenwart\u201c\r\nanwesend. Es verliert sich die Originalit\u00e4t, man misst sich an anderen, f\u00fchlt keinen\r\neigenen Wert, keine Selbstachtung. Man versucht zwar, es zu verdr\u00e4ngen, aber\r\nauf der anderen Seite kostet es Energie \u2013 st\u00e4ndiger innerer und \u00e4u\u00dferer Druck\r\nf\u00fchren zu Reizbarkeit, Unzufriedenheit, \u00e4u\u00dfere Reize werden gesucht &#8211; Alkohol,\r\nZigaretten, Essen, stimulierende Medikamente, verschiedene Drogen, fade Unterhaltung,\r\ndamit sich die Leere f\u00fcllt. Wenn es abklingt, beginnt es von vorne. Die Aggressivit\u00e4t\r\nsteigt, \u00fcbertr\u00e4gt sich auf die Arbeit, die Familie&#8230;<\/p>\r\n\r\n\r\n\r\n<p>Wir sagen, dass die Zeit verrinnt, als ob sie ein Gegenstand w\u00e4re, den\r\nwir in der Tasche tragen mit einem Loch, aus der sie verrinnt.<\/p>\r\n\r\n\r\n\r\n<p>Die alte Abbildung Platons \u2013&nbsp; \/Sch\u00fcler von Sokrates\/ H\u00f6lle, Menschen dort sitzend,\r\nan den Beinen Ketten und den Blick auf die Leinwand gerichtet, wo die Projektion\r\nder Au\u00dfenwelt dargestellt wird \u2013 eine virtuelle Wirklichkeit.<\/p>\r\n\r\n\r\n\r\n<p>Ist es auch heute so ? Die Faszination\r\nder Beobachtung so zu \u201eleben\u201c geschieht auch heute. Man sehnt sich zwar danach,\r\naber statt aufzustehen, kommt man wieder zur\u00fcck a&nbsp;bleibt bei unt\u00e4tiger Beobachtung\r\ndes Lebens da drau\u00dfen.<\/p>\r\n\r\n\r\n\r\n<p>Woher kommen die Ketten, kann man sie\r\nloswerden, was hindert uns daran? Heutzutage ist der Schritt da, man tr\u00e4gt die Projektionsleinwand\r\nmit sich herum und per \u201eKlick\u201c ist man virtuell drin, bewegt sich nach vorne, statt\r\nKetten tr\u00e4gt man jetzt eine \u201eZwangsjacke\u201c. Hinter der Leinwand liegt die Quelle\r\ndes LEBENS, f\u00fcr alle ohne Ausnahme. Der Empfang ist nicht 100%ig, weil\r\ndazwischen Barrieren liegen, die uns dazu bringen, sich weiter \u201eparasit\u00e4r\u201c zu ern\u00e4hren,\r\nnur ein Bruchteil gelangt zu uns.<\/p>\r\n\r\n\r\n\r\n<p>Sich gl\u00fccklich und zufrieden f\u00fchlen, hei\u00dft\r\nden Mut zu haben, die Lebensschnur von der Leinwand abzutrennen und sich an die\r\nSteckdose der Quelle anzudocken. Die begrenzte Leinwand, an die man all die\r\nJahre irrt\u00fcmlich geglaubt hat, gegen die Energie der Quelle zu tauschen.<\/p>\r\n\r\n\r\n\r\n<p>In der Quantenphysik\r\n\/QP\/ = eine Bewegung ist sowohl nach vorn als auch nach hinten m\u00f6glich. Das\r\ngenau passiert heute in der RC.<\/p>\r\n\r\n\r\n\r\n<p>Warum k\u00f6nnten\r\nwir nicht den gleichen Zugang zur Vergangenheit wie zur Zukunft haben?<\/p>\r\n\r\n\r\n\r\n<p>Betrachten Sie\r\neinen Gegenstand also nicht als festen Gegenstand, sondern als M\u00f6glichkeit. Es\r\nist fotografierbar, dass sich ein Gegenstand in einem Moment an zwei Orten\r\ngleichzeitig befinden kann, ein Gegenstand an zwei Orten gleichzeitig!!!&nbsp; <\/p>\r\n\r\n\r\n\r\n<p><strong>Wenn wir\r\nnicht hinschauen, sind es M\u00f6glichkeiten<\/strong><\/p>\r\n\r\n\r\n\r\n<p><strong>Wenn wir hinschauen,\r\nsind es Erfahrungen<\/strong><\/p>\r\n\r\n\r\n\r\n<p><strong>QP = Physik der\r\nM\u00f6glichkeiten!!!<\/strong><\/p>\r\n\r\n\r\n\r\n<p>Es ist aber \u00e4hnlich wie beim positiven Denken, es gibt meist eine d\u00fcnne\r\nLinie des positiven Denkens, die umh\u00fcllt ist mit einer starken Schicht an\r\nnegativem Denken. Wenn wir \u00fcber Sachen nachdenken, machen wir die Realit\u00e4t\r\nkonkret, wie sie in der Wirklichkeit ist. Das ist eine Sackgasse!!!<\/p>\r\n\r\n\r\n\r\n<p>So stecken wir fest in der faden Realit\u00e4t. Mit der alten Art des\r\nLEBENS kann man nicht leben, nichts \u00e4ndern, denn wir spielen dabei keine Rolle.\r\nEs ist die Realit\u00e4t rund um uns, die es erlaubt Wunder zu machen. Mit neuem\r\nDenken k\u00f6nnen wir es uns aussuchen, ob da Bewegung eintreten kann, ich\r\nentscheide, wie ich entscheide, was ich aussuche, also auch meine Realit\u00e4t. Ich\r\nbin meine Zellen, Atome, Elementarteilchen &#8230; = das ist die Grundwahrheit der\r\nEINHEIT&nbsp;.<\/p>\r\n\r\n\r\n\r\n<p>Wenn wir morgens\r\naufstehen, kreieren wir unseren Tag. Wie wollen wir ihn haben? Manchmal befasst\r\nsich unser Geist mit allen Sachen auf einmal, die wir an dem Tag zu erledigen\r\nhaben oder man erwartet es von uns, dass wir uns deswegen morgens gezielt Zeit\r\nzu nehmen, um sich unseren TAG zu planen. Wenn wir dann so unseren Tag kreieren,\r\npassieren Dinge, die kaum erkl\u00e4rbar sind. Alles ist ein Prozess von Kreativit\u00e4t.\r\nDas Gehirn gibt mir die M\u00f6glichkeit f\u00fcr jeden Tag, das Gleiche immer und immer wieder\r\nzu tun.<\/p>\r\n\r\n\r\n\r\n<p><strong>ZELLE = kleinste Einheit des BEWUSSTSEINS\r\nim K\u00f6rper<\/strong><\/p>\r\n\r\n\r\n\r\n<p>Ein Neuropsychologe\r\nsagte: \u201eIn Wirklichkeit existieren keine Farben, Stoffe, keine Ger\u00fcche, weder\r\nSch\u00f6nheit noch Unsch\u00f6nheit. Dort drau\u00dfen ist nur reine energetische Suppe, im\r\nGrunde ist es eine formlose, undefinierbare, flie\u00dfende Quanten-Suppe \/QS\/\u201c.<\/p>\r\n\r\n\r\n\r\n<p>Wir allein erschaffen\r\nunsere materielle Welt. Da drau\u00dfen liegt ein Bereich von unbegrenzten\r\nM\u00f6glichkeiten, mit denen wir uns, im Prozess der Wahrnehmung unsere materielle\r\nWelt schaffen \u2013 beinahe kristallisieren wir sie. Also aus dieser QS machen wir,\r\nmit unseren gelernten \u00dcberzeugungen nur das, was wir in uns haben. Wir sehen\r\nalso nur Bruchteile, aber nie das Ganze!!!<\/p>\r\n\r\n\r\n\r\n<p>Wir orientieren uns mit unseren\r\nphysischen Wahrnehmungen, subjektiven Sinnen und nennen es objektive\r\nWissenschaft. Wir kennen nur Materie \u2013 Atome, physische K\u00f6rper und auf dem hat\r\nsich die Medizin und die pharmazeutische Industrie angesiedelt.<\/p>\r\n\r\n\r\n\r\n<p>Nach 2 \u00bd Jahren wird unser ganzer K\u00f6rper\r\nerneuert, alle Atome, also stimmt nicht, dass: \u201cIch bin mein K\u00f6rper!\u201c, alles\r\n\u00e4ndert sich, es sind wie neue Modelle \u201eUPGRADS\u201c des urspr\u00fcnglichen K\u00f6rpers.<\/p>\r\n\r\n\r\n\r\n<p>Gef\u00fchle, Emotionen, Gedanken \u00e4ndern\r\nsich st\u00e4ndig, \u00dcberzeugungen bleiben fix und das verhindert, in die QS einzutauchen.\r\n<\/p>\r\n\r\n\r\n\r\n<p><strong>Alle neuen\r\nZellen erinnern sich an alle anderen Zellen der Menschheit!!!<\/strong><\/p>\r\n\r\n\r\n\r\n<p>Der K\u00f6rper ist also ein Platz&nbsp; von allem, wo es aufeinandertrifft.<\/p>\r\n\r\n\r\n\r\n<p>Was ist ein K\u00f6rper oder Universum?<\/p>\r\n\r\n\r\n\r\n<p>Der K\u00f6rper besteht aus Atomen und die\r\nsind zusammengesetzt aus Teilchen, die keine festen Objekte sind. Sie sind nur\r\neine Fluktuation der Energie und&nbsp;Informationen in gro\u00dfer Leere und\r\nInformationen.<\/p>\r\n\r\n\r\n\r\n<p>Wenn Sie sich den physischen K\u00f6rper\r\nmit den Augen eines Physikers anschauen w\u00fcrden, dann \u00e4hnelt der K\u00f6rper zu\r\n99,999999 % dem Universum, er besteht aus physisch leerem Raum und das 0,000000\r\n1 %, was uns wie Materie vorkommt, besteht aus leerem Raum, also alles ist ein\r\nleerer Raum \/LR\/ und was, wenn der <strong>immaterielle\r\nLR die F\u00fclle der Intelligenz ist?<\/strong><\/p>\r\n\r\n\r\n\r\n<p>Immunzellen k\u00f6nnen also denken, das\r\nDenken ist noch nicht strukturiert und sie k\u00f6nnen sich nicht durch Sprache\r\nausdr\u00fccken, aber dennoch produzieren sie die gleichen Substanzen wie das Gehirn.<\/p>\r\n\r\n\r\n\r\n<p><strong>Wenn die Immunzelle\r\ndenkt = ist sie ein bewusster Teil<\/strong><\/p>\r\n\r\n\r\n\r\n<p>\u00c4hnlich geschieht es auch bei anderen\r\nK\u00f6rperzellen z.B.: Herz -, Nieren- , Haut- , Magenzellen.<strong><\/strong><\/p>\r\n\r\n\r\n\r\n<p>Die alle produzieren Stoffe, \u00e4hnlich\r\nwie das Gehirn. Wenn wir also genau sagen, dass wir es im Magen f\u00fchlen, ist es\r\ndeshalb, weil dort die gleiche Substanz entsteht wie im Gehirn, au\u00dfer dass es\r\nohne eigenen Zweifel geschieht, was den Magenzellen unbekannt ist. Also\r\nverf\u00fcgen wir \u00fcber einen denkenden K\u00f6rper, wenn wir sagen, wir haben Trauer im\r\nHerz, werden dort chemische Substanzen produziert, die negativ sind, oder unser\r\nHerz platzt vor Freude oder die Haut zieht in allen N\u00e4hte, Zellen beginnen\r\npositive Hormone zu produzieren \/Dopamin, Serotonin &#8230;\/ und auch\r\nkrebsbek\u00e4mpfende Stoffe, bei negativen Gef\u00fchlen entsteht Kortison und Adrenalin\r\noder nur Adrenalin, das systematisch das Immunsystem zerst\u00f6rt. Alle Zellen im\r\nK\u00f6rper arbeiten nicht nacheinander, sondern systematisch.<\/p>\r\n\r\n\r\n\r\n<p><strong>Der K\u00f6rper ist allwissend, allm\u00e4chtig, allgegenwertig.<\/strong><\/p>\r\n\r\n\r\n\r\n<p><strong>Es ist uns nicht bewusst, dass wir au\u00dfer unseren physischen\r\nK\u00f6rper auch einen kosmischen haben, beide haben einen enormen Sinn. Nach&nbsp; H. Trismegistos: \u201eWie oben so unten und\r\numgekehrt wie unten so oben\u201c Mikrokosmos = Makrokosmos= wie der physischen\r\nK\u00f6rper ist,ist auch der kosmische !!! Wie der physische Geist, so auch der\r\nkosmische Geist.<\/strong><\/p>\r\n","protected":false},"excerpt":{"rendered":"<p>Nach der Wende bei uns \/1989\/ war es m\u00f6glich, neue Kurse bei uns zu absolvieren und es wurden \u201cinteressante Bucher\u201c \u00fcbersetzt. Nach dem Absolvieren von REIKI \u2013 Kursen begann ich &#8230;<\/p>\n","protected":false},"author":1,"featured_media":0,"parent":0,"menu_order":0,"comment_status":"closed","ping_status":"open","template":"","meta":{"footnotes":""},"class_list":["post-32","page","type-page","status-publish","hentry"],"translation":{"provider":"WPGlobus","version":"3.0.2","language":"de","enabled_languages":["sk","en","de"],"languages":{"sk":{"title":true,"content":true,"excerpt":false},"en":{"title":true,"content":true,"excerpt":false},"de":{"title":true,"content":true,"excerpt":false}}},"_links":{"self":[{"href":"https:\/\/regrescoaching.com\/de\/wp-json\/wp\/v2\/pages\/32","targetHints":{"allow":["GET"]}}],"collection":[{"href":"https:\/\/regrescoaching.com\/de\/wp-json\/wp\/v2\/pages"}],"about":[{"href":"https:\/\/regrescoaching.com\/de\/wp-json\/wp\/v2\/types\/page"}],"author":[{"embeddable":true,"href":"https:\/\/regrescoaching.com\/de\/wp-json\/wp\/v2\/users\/1"}],"replies":[{"embeddable":true,"href":"https:\/\/regrescoaching.com\/de\/wp-json\/wp\/v2\/comments?post=32"}],"version-history":[{"count":4,"href":"https:\/\/regrescoaching.com\/de\/wp-json\/wp\/v2\/pages\/32\/revisions"}],"predecessor-version":[{"id":36,"href":"https:\/\/regrescoaching.com\/de\/wp-json\/wp\/v2\/pages\/32\/revisions\/36"}],"wp:attachment":[{"href":"https:\/\/regrescoaching.com\/de\/wp-json\/wp\/v2\/media?parent=32"}],"curies":[{"name":"wp","href":"https:\/\/api.w.org\/{rel}","templated":true}]}}