{"id":58,"date":"2023-06-16T22:22:04","date_gmt":"2023-06-16T20:22:04","guid":{"rendered":"http:\/\/regrescoaching.com\/?page_id=58"},"modified":"2023-06-16T22:22:22","modified_gmt":"2023-06-16T20:22:22","slug":"pribehy-klientov","status":"publish","type":"page","link":"https:\/\/regrescoaching.com\/de\/pribehy-klientov\/","title":{"rendered":"Geschichten von klienten"},"content":{"rendered":"\r\n<p><em><span style=\"text-decoration: underline;\">Unfruchtbarkeit<\/span>:<\/em><\/p>\r\n\r\n\r\n\r\n<p>Eine Krankenschwester war nach erfolglosen\r\n6 Jahren auf nat\u00fcrlichem Wege und k\u00fcnstlichen Befruchtungen kinderlos. Ihr\r\nGesundheitszustand wie auch der ihres Mannes wiesen keine medizinischen\r\nProbleme auf. Sitzungen weisen darauf hin, dass sie nicht aufgearbeitete\r\nSchuldgef\u00fchle hatte, da sie als junge Frau einen Schwangerschaftsabbruch absolvierte\r\nund mit diesen Schuldgef\u00fchlen strafte sie sich und machte sich Vorw\u00fcrfe, dass\r\nsie keine Kinder verdient hat. Nach einem Jahr war sie schwanger, heute ist sie\r\nMutter von zwei S\u00f6hnen.<\/p>\r\n\r\n\r\n\r\n<p><em><span style=\"text-decoration: underline;\">Angst vor Wasser<\/span>:<\/em><\/p>\r\n\r\n\r\n\r\n<p>Eine\r\nFrau, die im jetzigen Leben nie ein Trauma durch Wasser erlebte, hatte\r\n\u201epanische Angst\u201c und ging maximal bis zu dem Fu\u00dfkn\u00f6chel ins Wasser. In einer\r\nspontanen Erinnerung erschien ihr ein Moment aus einem fr\u00fcheren Leben, sie sah\r\nsich als verwundeter Soldat in totaler Hilflosigkeit, als sie keine Kraft mehr hatte,\r\nsich aus dem See, wo ihr Pferd Wasser getrunken hat, herauszuziehen und das\r\nverursachte heute diese \u201epanische Angst\u201c. Nach der Verarbeitung absolvierte sie\r\neinen Schwimmkurs und nun kann sie endlich mit Freude ins Wasser gehen und schwimmen\r\n\/was ihr wichtig war weil sie einen Mann geheiratet hatte, der an der K\u00fcste lebte,\r\nihre \u201epanische Angst\u201c konnte er nicht nachvollziehen und es war viele Male\r\nGrund einer Auseinandersetzung\/. <\/p>\r\n\r\n\r\n\r\n<p><em><span style=\"text-decoration: underline;\">H\u00f6henangst<\/span>:<\/em><\/p>\r\n\r\n\r\n\r\n<p>Ein Mann konnte wegen dieser Angst nicht\r\nSki fahren, nicht Riesenrad, er konnte sich nicht aus dem Balkon lehnen, von\r\neinem Aussichtsturm herunterschauen, auf Berge klettern. Es tauchte eine alte\r\nErinnerung auf, bei der er von einem Felsen fiel, weil er zu viel Holz auf dem\r\nR\u00fccken trug, sodass er starb. Nach der Verarbeitung war er \u201ezuf\u00e4llig\u201c auf einer\r\nParty auf der Terrasse und erst zu Hause wurde ihm bewusst, dass es f\u00fcr ihn in\r\nOrdnung war und er es genossen hat.<\/p>\r\n\r\n\r\n\r\n<p><em><span style=\"text-decoration: underline;\">Sich nicht in wichtigen Situationen \u00e4u\u00dfern zu k\u00f6nnen:<\/span><\/em><\/p>\r\n\r\n\r\n\r\n<p>Ein Mann litt bei wichtigen Situationen\r\n\/Antwort in der Schule, Kommunikation mit M\u00e4dchen, Vortrag bei der Arbeit&#8230;\/ unter\r\nriesiger Angst und es endete immer gleich \u2013 wenn ihm die Gegenseite half, ging\r\nes. Dies war eine Folge seiner Geburt, als die Nabelschnur um seinen Hals\r\ngewickelt und erst nach dem Eingriff des Arztes die Geburt erfolgreich war. Nach der Verarbeitung\r\n\u201eentknotete sich sein Hals\u201c und er konnte sich bei jedem Problem allein helfen.<\/p>\r\n\r\n\r\n\r\n<p><em><span style=\"text-decoration: underline;\">Unerw\u00fcnscht zu sein:<\/span><\/em><\/p>\r\n\r\n\r\n\r\n<p>Eine Frau konnte sich viele Jahr nicht\r\n\u00fcberwinden, sich weiblich anzuziehen, das Verhalten war grob, sie suchte st\u00e4ndig\r\ndie Anerkennung des Vaters, bei Freunden, Mitsch\u00fclern \u2013 also den m\u00e4nnlichen Gegenpol,\r\nsie sah sich im pr\u00e4natalen Leben, wo sie der Vater als einen \u201eBuben\u201c erwartet\r\nhatte, deshalb litt sie unter Gewissensbissen, sie meinte, ihn entt\u00e4uscht zu\r\nhaben und dieses unergr\u00fcndliche Verhalten, Schimpfw\u00f6rter und im Endeffekt auch\r\nein Gef\u00fchl der Unzufriedenheit, weil sie seine Erwartung nicht erf\u00fcllt hatte. Nach der Verarbeitung\r\nbegann sie sich \u201e weiblich\u201c anzuziehen, \u00e4nderte ihr Verhalten und fand endlich\r\nzu sich selbst.<\/p>\r\n\r\n\r\n\r\n<p><em><span style=\"text-decoration: underline;\">Klaustrophobie<\/span>:<\/em><\/p>\r\n\r\n\r\n\r\n<p>Ein Mann bei einer Erinnerung eines realen\r\nErlebnisses, als er mit seinem Bruder Verstecken spielte und er im Schrank\r\neingesperrt wurde, was er in der Kindheit mit h\u00e4ufigem Weinen, Einn\u00e4ssen und\r\nenormer Angst \u00fcberwinden musste. Im Erwachsenenleben wurde er nicht fertig mit\r\nkleinen R\u00e4umen \/Aufzug&#8230;\/, trotzdem sagte er sich, es sei nichts, es verschaffte\r\nihm t\u00e4glich Probleme, denn er arbeitete im 12. Stockwerk und konnte nicht immer\r\nzu Fu\u00df nach oben steigen. Nach Verarbeitung des Traumas war er selbst \u00fcberrascht, dass\r\ner sich nur daran erinnerte, wie er sich gef\u00fcrchtet hat, aber dieses Gef\u00fchl der\r\nAngst kam nie wieder.<\/p>\r\n\r\n\r\n\r\n<p><em><span style=\"text-decoration: underline;\">Angst sich zu verirren:<\/span><\/em><\/p>\r\n\r\n\r\n\r\n<p>Eine\r\nFrau hatte nach der Fahrschule beim Autofahren auf\r\nunbekannten Stra\u00dfen immer Angst sich zu verirren. Kurz vor der Sitzung kam bei\r\nihr die Erinnerung, dass sie als kleines M\u00e4dchen gern das M\u00e4rchen von H\u00e4nsel\r\nund Gretel geh\u00f6rt habe \u2013 die haben sich auch im Walde verirrt und kamen zur\r\nHexe, die sie einsperrte, f\u00fctterte und verspeisen wollte und nur eine List der\r\nKinder half, sie auszutricksen, zu entkommen und sich zu retten. Nach der Verarbeitung,\r\nungef\u00e4hr nach \u00bd Jahr, ist sie allein, nur mit ihrer Tochter und Hund ans Meer\r\ngefahren \/ca. 1700 km\/ und war erstaunt, wie sch\u00f6n die Reise ins Ungewisse war\r\nund dies dauert bis heute an.<\/p>\r\n\r\n\r\n\r\n<p><em>Sprachfehler:<\/em><\/p>\r\n\r\n\r\n\r\n<p>Eine\r\nFrau litt seit ihrer Kindheit an einem Sprachfehler, sie wurde ausgelacht und\r\ngeh\u00e4nselt. Bevor sie ans Gymnasium kam, hatte sie diesen Sprachfehler nicht\r\nmehr, aber wenn sie vor der Klasse oder einer Menschenmenge stand, kehrte er\r\nzur\u00fcck. Sp\u00e4ter musste sie in der Arbeit vor den Kollegen auftreten, was sie schlie\u00dflich\r\nzu einer Sitzung f\u00fchrte. Sie sah sich als junges, armes M\u00e4dchen, in einem K\u00e4fig\r\neingesperrt auf einem Marktplatz. Heute ist es ihr egal, ob sie eine kleine\r\nGruppe oder eine Menschenmenge vor sich hat, sie f\u00fchlt sich wohl, nie wieder\r\nf\u00fchlte sie Angst oder ihren Sprachfehler.<\/p>\r\n\r\n\r\n\r\n<p><em><span style=\"text-decoration: underline;\">N\u00e4chtliches \u201eEinn\u00e4ssen\u201c:<\/span><\/em><span style=\"text-decoration: underline;\"> <\/span><\/p>\r\n\r\n\r\n\r\n<p>Ein Junge \/8 J.\/ verstand nicht, warum sich seine Eltern stritten und sich sp\u00e4ter scheiden lie\u00dfen. Weinen war ihm nicht erlaubt, er war doch ein \u201egro\u00dfer Junge\u201c. Ab dem 4. Lebensjahr kam es zu dieser Panne, sp\u00e4ter bei Schulausfl\u00fcgen sch\u00e4mte er sich, hatte Angst, dass es seine Mitsch\u00fcler erfahren und ihn auslachen. Er konnte die Traurigkeit \u00fcber die Beziehung der Eltern nicht verarbeiten, erst als das geschah, konnte er jede Nacht \u201etrocken\u201c schlafen. <\/p>\r\n","protected":false},"excerpt":{"rendered":"<p>Unfruchtbarkeit: Eine Krankenschwester war nach erfolglosen 6 Jahren auf nat\u00fcrlichem Wege und k\u00fcnstlichen Befruchtungen kinderlos. Ihr Gesundheitszustand wie auch der ihres Mannes wiesen keine medizinischen Probleme auf. Sitzungen weisen darauf &#8230;<\/p>\n","protected":false},"author":1,"featured_media":0,"parent":0,"menu_order":0,"comment_status":"closed","ping_status":"closed","template":"","meta":{"footnotes":""},"class_list":["post-58","page","type-page","status-publish","hentry"],"translation":{"provider":"WPGlobus","version":"3.0.2","language":"de","enabled_languages":["sk","en","de"],"languages":{"sk":{"title":true,"content":true,"excerpt":false},"en":{"title":true,"content":true,"excerpt":false},"de":{"title":true,"content":true,"excerpt":false}}},"_links":{"self":[{"href":"https:\/\/regrescoaching.com\/de\/wp-json\/wp\/v2\/pages\/58","targetHints":{"allow":["GET"]}}],"collection":[{"href":"https:\/\/regrescoaching.com\/de\/wp-json\/wp\/v2\/pages"}],"about":[{"href":"https:\/\/regrescoaching.com\/de\/wp-json\/wp\/v2\/types\/page"}],"author":[{"embeddable":true,"href":"https:\/\/regrescoaching.com\/de\/wp-json\/wp\/v2\/users\/1"}],"replies":[{"embeddable":true,"href":"https:\/\/regrescoaching.com\/de\/wp-json\/wp\/v2\/comments?post=58"}],"version-history":[{"count":3,"href":"https:\/\/regrescoaching.com\/de\/wp-json\/wp\/v2\/pages\/58\/revisions"}],"predecessor-version":[{"id":61,"href":"https:\/\/regrescoaching.com\/de\/wp-json\/wp\/v2\/pages\/58\/revisions\/61"}],"wp:attachment":[{"href":"https:\/\/regrescoaching.com\/de\/wp-json\/wp\/v2\/media?parent=58"}],"curies":[{"name":"wp","href":"https:\/\/api.w.org\/{rel}","templated":true}]}}