{"id":79,"date":"2023-06-16T22:45:26","date_gmt":"2023-06-16T20:45:26","guid":{"rendered":"http:\/\/regrescoaching.com\/?page_id=79"},"modified":"2023-06-16T22:45:26","modified_gmt":"2023-06-16T20:45:26","slug":"reiki","status":"publish","type":"page","link":"https:\/\/regrescoaching.com\/de\/reiki\/","title":{"rendered":"Reiki"},"content":{"rendered":"<p>REIKI &#8211; je japonsk\u00e9 slovo, ktor\u00e9 pozost\u00e1va z 2 znakov:<\/p>\n<p>R E I &#8211; univerz\u00e1lny (nekone\u010dn\u00fd aspekt tejto energie)<\/p>\n<p>K I &#8211; \u017eivotn\u00e1 energia<\/p>\n<p>Energia, ktor\u00fa napr. u Rusov poznaj\u00fa ako bioplazma,<\/p>\n<p>u Kah\u00fanov ako mana, jog\u00edny hovoria o pr\u00e1ne, u \u010c\u00ed\u0148anov je to Chi, u Japoncov Ki, u Kres\u0165anov je to Duch sv\u00e4t\u00fd &#8230;<\/p>\n<p>Je to ve\u013emi star\u00e1 lie\u010debn\u00e1 met\u00f3da, ktor\u00e1 bola znovuobjaven\u00e1 v polovici 19. storo\u010dia japonsk\u00fdm mn\u00edchom Dr. MIKAOm USUIm a jej<\/p>\n<p>korene siahaj\u00fa asi 2 500 rokov dozadu, kde bola zap\u00edsan\u00e1 v sanskritsk\u00fdch sutr\u00e1ch.<\/p>\n<p>\u00a0<\/p>\n<h3>Ako sa nau\u010di\u0165 REIKI?<\/h3>\n<p>Prebieha to formou kurzov, do jednotliv\u00fdch stup\u0148ov:<\/p>\n<p><strong>I. stupe\u0148: z\u00e1kladn\u00fd<\/strong><\/p>\n<p>m\u00e1 \u0161tyri naladenia t.j. zv\u00fd\u0161enie vibra\u010dnej frekvencie tela<\/p>\n<p>je to otvorenie, aktivovanie a stabilizovanie energetick\u00e9ho kan\u00e1la, ktor\u00fd zost\u00e1va na cel\u00fd \u017eivot otvoren\u00fd<\/p>\n<p>dotykom r\u00fak sa energia odovzd\u00e1va<\/p>\n<p><strong>II. stupe\u0148: nadstavbov\u00fd<\/strong><\/p>\n<p>m\u00e1 tri naladenia<\/p>\n<p>zosiln\u00ed sa tok energie<\/p>\n<p>mo\u017enos\u0165 pracova\u0165 na emo\u010dnej a ment\u00e1lnej \u00farovni<\/p>\n<p>pou\u017e\u00edvanie 3 symbolov a ich mantier<\/p>\n<p>vstup do bez\u010dasovej a bezpriestorovej dimenzie<\/p>\n<p>odstup po I.stupni cca 3 mesiace<\/p>\n<p><strong>III. stupe\u0148: majstrovsk\u00fd<\/strong><\/p>\n<p>m\u00e1 tri naladenia<\/p>\n<p>medita\u010dn\u00fd stupe\u0148<\/p>\n<p>pou\u017eitie 1 majstrovsk\u00e9ho symbolu a jeho mantry<\/p>\n<p><strong>IV. stupe\u0148: majster-lektor<\/strong><\/p>\n<p>odovzdanie cel\u00e9ho u\u010denia pod\u013ea z\u00e1kladov Dr. USUIho<\/p>\n<p>mo\u017enos\u0165 otv\u00e1ra\u0165 energetick\u00e9 kan\u00e1ly druh\u00fdm<\/p>\n<p>\u00a0<\/p>\n<h3>Kto m\u00f4\u017ee absolvova\u0165 REIKI?<\/h3>\n<p>Ka\u017ed\u00fd \u010dlovek, bez rozdielu vzdelania, vierovyznania, veku, farby pleti &#8230;<\/p>\n<p>\u00a0<\/p>\n<h3>\u00da\u010dinky s REIKI?<\/h3>\n<p>najjednoduch\u0161ia a najprirodzenej\u0161ia met\u00f3da pren\u00e1\u0161ania energie<\/p>\n<p>odb\u00farava stres<\/p>\n<p>vitalizuje telo<\/p>\n<p>pom\u00e1ha telu zbavi\u0165 sa jedov<\/p>\n<p>aktivuje samolie\u010debn\u00e9 procesy v tele<\/p>\n<p>dop\u013a\u0148a \u017eivotn\u00fa energiu<\/p>\n<p>podporuje sebad\u00f4veru a sebarozvoj<\/p>\n<p>podporuje medic\u00ednske terapie<\/p>\n<p>podporuje spiritu\u00e1lny rast<\/p>\n<p>zjem\u0148uje intu\u00edciu<\/p>\n<p>podporuje prirodzen\u00fd vz\u0165ah rodi\u010dov a det\u00ed<\/p>\n<p>\u00fa\u010dinkuje na \u00farovni pr\u00ed\u010diny chor\u00f4b<\/p>\n<p>\u00a0<\/p>\n<h3>Priebeh:<\/h3>\n<ul>\n<li>Nahliadnutie do minulosti za\u010diatkov REIKI, ako kedysi, dnes&#8230;<\/li>\n<li>Pomedzi, v\u00a0separ\u00e1tnej miestnosti sa robia, v\u00a0ur\u010dit\u00fdch \u010dasov\u00fdch etap\u00e1ch, jednotliv\u00e9, \u00a0osobitn\u00e9, naladenia \/RI. : m\u00e1 4 naladenia, RI. : m\u00e1 3 naladenia, RI. : m\u00e1 3 naladenia \/. Vysvetlenie, ako pracova\u0165 s\u00a0REIKI, vo vy\u0161\u0161\u00edch stup\u0148och, ako kresli\u0165 a\u00a0pou\u017e\u00edva\u0165 symboly.<\/li>\n<li>Obed, ob\u010derstvenie dotv\u00e1ra rodinn\u00fa atmosf\u00e9ru cel\u00e9ho kurzu<\/li>\n<\/ul>\n","protected":false},"excerpt":{"rendered":"<p>REIKI &#8211; je japonsk\u00e9 slovo, ktor\u00e9 pozost\u00e1va z 2 znakov: R E I &#8211; univerz\u00e1lny (nekone\u010dn\u00fd aspekt tejto energie) K I &#8211; \u017eivotn\u00e1 energia Energia, ktor\u00fa napr. u Rusov poznaj\u00fa &#8230;<\/p>\n","protected":false},"author":1,"featured_media":0,"parent":0,"menu_order":0,"comment_status":"closed","ping_status":"closed","template":"","meta":{"footnotes":""},"class_list":["post-79","page","type-page","status-publish","hentry"],"translation":{"provider":"WPGlobus","version":"3.0.2","language":"de","enabled_languages":["sk","en","de"],"languages":{"sk":{"title":true,"content":true,"excerpt":false},"en":{"title":false,"content":false,"excerpt":false},"de":{"title":false,"content":false,"excerpt":false}}},"_links":{"self":[{"href":"https:\/\/regrescoaching.com\/de\/wp-json\/wp\/v2\/pages\/79","targetHints":{"allow":["GET"]}}],"collection":[{"href":"https:\/\/regrescoaching.com\/de\/wp-json\/wp\/v2\/pages"}],"about":[{"href":"https:\/\/regrescoaching.com\/de\/wp-json\/wp\/v2\/types\/page"}],"author":[{"embeddable":true,"href":"https:\/\/regrescoaching.com\/de\/wp-json\/wp\/v2\/users\/1"}],"replies":[{"embeddable":true,"href":"https:\/\/regrescoaching.com\/de\/wp-json\/wp\/v2\/comments?post=79"}],"version-history":[{"count":1,"href":"https:\/\/regrescoaching.com\/de\/wp-json\/wp\/v2\/pages\/79\/revisions"}],"predecessor-version":[{"id":80,"href":"https:\/\/regrescoaching.com\/de\/wp-json\/wp\/v2\/pages\/79\/revisions\/80"}],"wp:attachment":[{"href":"https:\/\/regrescoaching.com\/de\/wp-json\/wp\/v2\/media?parent=79"}],"curies":[{"name":"wp","href":"https:\/\/api.w.org\/{rel}","templated":true}]}}