{"id":89,"date":"2023-06-16T22:46:49","date_gmt":"2023-06-16T20:46:49","guid":{"rendered":"http:\/\/regrescoaching.com\/?page_id=89"},"modified":"2023-06-16T22:46:49","modified_gmt":"2023-06-16T20:46:49","slug":"analyza-odtlackov-prstov-a-ruk","status":"publish","type":"page","link":"https:\/\/regrescoaching.com\/de\/analyza-odtlackov-prstov-a-ruk\/","title":{"rendered":"Anal\u00fdza odtla\u010dkov prstov a r\u00fak"},"content":{"rendered":"<p><em><strong>\u00a0<\/strong><\/em><\/p>\n<p><em><strong><img loading=\"lazy\" decoding=\"async\" class=\"alignleft wp-image-546\" src=\"https:\/\/regrescoaching.com\/wp-content\/uploads\/2022\/11\/mapaduse-1024x684.jpg\" alt=\"\" width=\"500\" height=\"334\" \/><\/strong><\/em><\/p>\n<p style=\"text-align: left;\"><em><strong>Vedeli ste, \u017ee&#8230;<\/strong><\/em><\/p>\n<ul>\n<li style=\"text-align: left;\">odtla\u010dky s\u00fa kompletn\u00e9 u\u017e v 16 \u2013 tom t\u00fd\u017edni tehotenstva a ost\u00e1vaj\u00fa cel\u00fd \u017eivot nezmenen\u00e9 !!!<\/li>\n<li>ruky maj\u00fa 3 l\u00ednie (srdca, rozumu, \u017eivota). Svojou v\u00f4\u013eou vieme tieto l\u00ednie meni\u0165 neust\u00e1le.<\/li>\n<\/ul>\n<p><em>\u00a0\u00a0\u00a0\u00a0\u00a0\u00a0\u00a0\u00a0\u00a0\u00a0\u013dav\u00e1 ruka<\/em> = JA vo vn\u00fatornom svete\u00a0 \u00a0 \u00a0 \u00a0 \u00a0<em>Prav\u00e1 ruka <\/em>= JA vo vonkaj\u0161om svete<\/p>\n<h2><\/h2>\n<h2>DU\u0160EVN\u00c1 AGENDA M\u00c1 3 \u010cASTI:<\/h2>\n<h3><strong><em><u>\u017divotn\u00e1 \u0161kola:<\/u><\/em><\/strong><\/h3>\n<ul>\n<li>\u0161kola na Univerzite ZEM, je vstupom do \u017eivota<\/li>\n<li>pr\u00edstup k u\u010deniu<\/li>\n<li>tr\u00e9ningov\u00fd program, ktor\u00fd bol vyvinut\u00fd na to, aby sme sa nau\u010dili ur\u010dit\u00fdm schopnostiam, na \u00faspe\u0161n\u00e9 \u017eitie<br \/>\nsvojho <em>\u017divotn\u00e9ho z\u00e1meru<\/em><\/li>\n<li>jeho t\u00e9ma priamo s\u00favis\u00ed so <em>\u017divotn\u00fdm z\u00e1merom<\/em> a <em>\u017divotnou lekciou<\/em><\/li>\n<li>s\u00fa 4 \u0161koly: l\u00e1sky, slu\u017eby, pokoja, m\u00fadrosti<\/li>\n<\/ul>\n<h3><strong><em><u>\u017divotn\u00e1 lekcia:<\/u><\/em><\/strong><\/h3>\n<ul>\n<li>predstavuje najv\u00e4\u010d\u0161iu prek\u00e1\u017eku, z\u00f3nu n\u00e1\u0161ho najvy\u0161\u0161ieho odporu<\/li>\n<li>\u00a0o \u010do viac pokroku sa v nej urob\u00ed, o to bohat\u0161ie bude kvitn\u00fa\u0165 <em>\u017divotn\u00fd z\u00e1mer<\/em><\/li>\n<\/ul>\n<h3><strong><em><u>\u017divotn\u00fd z\u00e1mer:<\/u><\/em><\/strong><\/h3>\n<ul>\n<li>je to tvoja najhlb\u0161ia spokojnos\u0165<\/li>\n<li>je to tvoj ozajstn\u00fd \u017eivot !<\/li>\n<li>najlep\u0161ie spojenie s uvedomen\u00edm JA \u2013 SOM<\/li>\n<li>kozmick\u00e9 volanie povinnosti<\/li>\n<li>najvy\u0161\u0161ia a najprirodzenej\u0161ia forma vyjadrenia sa<\/li>\n<li>nach\u00e1dza sa v \u0148om tvoj potenci\u00e1l<\/li>\n<\/ul>\n<p>Po spraven\u00ed odtla\u010dkov, sa coaching kon\u00e1 online (cca 1 hod.) a stru\u010dn\u00fd popis k obr\u00e1zkom \u017dZ (\u017eivotn\u00fd z\u00e1mer), \u017d\u0160 (\u017eivotn\u00e1 \u0161kola), \u017dL (\u017eivotn\u00e1 lekcia), posielam klientom potom s mal\u00fdm popisom cez wa, \u010di sms&#8230;<\/p>\n","protected":false},"excerpt":{"rendered":"<p>\u00a0 Vedeli ste, \u017ee&#8230; odtla\u010dky s\u00fa kompletn\u00e9 u\u017e v 16 \u2013 tom t\u00fd\u017edni tehotenstva a ost\u00e1vaj\u00fa cel\u00fd \u017eivot nezmenen\u00e9 !!! ruky maj\u00fa 3 l\u00ednie (srdca, rozumu, \u017eivota). Svojou v\u00f4\u013eou vieme &#8230;<\/p>\n","protected":false},"author":1,"featured_media":0,"parent":0,"menu_order":0,"comment_status":"closed","ping_status":"closed","template":"","meta":{"footnotes":""},"class_list":["post-89","page","type-page","status-publish","hentry"],"translation":{"provider":"WPGlobus","version":"3.0.2","language":"de","enabled_languages":["sk","en","de"],"languages":{"sk":{"title":true,"content":true,"excerpt":false},"en":{"title":false,"content":false,"excerpt":false},"de":{"title":false,"content":false,"excerpt":false}}},"_links":{"self":[{"href":"https:\/\/regrescoaching.com\/de\/wp-json\/wp\/v2\/pages\/89","targetHints":{"allow":["GET"]}}],"collection":[{"href":"https:\/\/regrescoaching.com\/de\/wp-json\/wp\/v2\/pages"}],"about":[{"href":"https:\/\/regrescoaching.com\/de\/wp-json\/wp\/v2\/types\/page"}],"author":[{"embeddable":true,"href":"https:\/\/regrescoaching.com\/de\/wp-json\/wp\/v2\/users\/1"}],"replies":[{"embeddable":true,"href":"https:\/\/regrescoaching.com\/de\/wp-json\/wp\/v2\/comments?post=89"}],"version-history":[{"count":1,"href":"https:\/\/regrescoaching.com\/de\/wp-json\/wp\/v2\/pages\/89\/revisions"}],"predecessor-version":[{"id":90,"href":"https:\/\/regrescoaching.com\/de\/wp-json\/wp\/v2\/pages\/89\/revisions\/90"}],"wp:attachment":[{"href":"https:\/\/regrescoaching.com\/de\/wp-json\/wp\/v2\/media?parent=89"}],"curies":[{"name":"wp","href":"https:\/\/api.w.org\/{rel}","templated":true}]}}