{"id":46,"date":"2023-06-16T22:11:19","date_gmt":"2023-06-16T20:11:19","guid":{"rendered":"http:\/\/regrescoaching.com\/?page_id=46"},"modified":"2025-09-07T09:43:30","modified_gmt":"2025-09-07T07:43:30","slug":"ponuka-sluzieb","status":"publish","type":"page","link":"https:\/\/regrescoaching.com\/en\/ponuka-sluzieb\/","title":{"rendered":"Ponuka slu\u017eieb"},"content":{"rendered":"<h2><strong>Term\u00edny<\/strong><\/h2>\n<p>Term\u00edn stretnutia si dohodneme mailom alebo mobilom (sms, wa, &#8230;) tak, aby V\u00e1m to vyhovovalo. Pracujem cez t\u00fd\u017ede\u0148, v\u00edkend aj v dni pracovn\u00e9ho vo\u013ena<\/p>\n<h2><strong>Coaching a poradenstvo<\/strong><\/h2>\n<p><a href=\"https:\/\/regrescoaching.com\/vypocet-plodnych-dni\/\" rel=\"noopener\">V\u00fdpo\u010det plodn\u00fdch dn\u00ed<\/a><\/p>\n<p><img loading=\"lazy\" decoding=\"async\" class=\"alignnone wp-image-436\" src=\"https:\/\/regrescoaching.com\/wp-content\/uploads\/2022\/08\/nove.png\" alt=\"\" width=\"20\" height=\"13\" \/>\u00a0 \u00a0<a href=\"https:\/\/regrescoaching.com\/analyza-odtlackov-prstov-a-ruk\/\" rel=\"noopener\">Anal\u00fdza odtla\u010dkov prstov a r\u00fak<\/a><\/p>\n<p>Regresn\u00fd rodostrom<\/p>\n<p><a href=\"https:\/\/regrescoaching.com\/regres-regresna-terapia-analyza\/\">Nehypnotick\u00e1 regresn\u00e1 anal\u00fdza (regres)<\/a><\/p>\n<p>3 &#8211; KYVADLO (duch, du\u0161a, fyzick\u00e9 telo)<\/p>\n<h2><img loading=\"lazy\" decoding=\"async\" class=\"alignnone wp-image-433\" style=\"color: #777777; font-family: 'Open Sans', Helvetica, Arial, sans-serif; font-size: 13px;\" src=\"https:\/\/regrescoaching.com\/wp-content\/uploads\/2022\/08\/cheery-fruity.gif\" alt=\"\" width=\"50\" height=\"50\" \/><strong>Kurzy a semin\u00e1re<\/strong><img loading=\"lazy\" decoding=\"async\" class=\"alignnone wp-image-433\" style=\"color: #777777; font-family: 'Open Sans', Helvetica, Arial, sans-serif; font-size: 13px;\" src=\"https:\/\/regrescoaching.com\/wp-content\/uploads\/2022\/08\/cheery-fruity.gif\" alt=\"\" width=\"50\" height=\"50\" \/><\/h2>\n<p>Kurzy sa daj\u00fa absolvova\u0165 individu\u00e1lne alebo skupinovo. Zabezpe\u010dujem v\u00fdu\u010dbu nielen pre \u013eud\u00ed \u010do roz\u0161iruj\u00fa svoje obzory, ale aj pre bud\u00facich coachov a \u013eud\u00ed, ktor\u00ed sa chc\u00fa tomu venova\u0165 profesne. Po absolvovan\u00ed z\u00edskate certifik\u00e1t o absolvovan\u00ed kurzu.<\/p>\n<p><img loading=\"lazy\" decoding=\"async\" class=\"alignnone wp-image-436\" src=\"https:\/\/regrescoaching.com\/wp-content\/uploads\/2022\/08\/nove.png\" alt=\"\" width=\"20\" height=\"13\" \/>\u00a0 <a href=\"https:\/\/regrescoaching.com\/motivacny-kurz\/\" rel=\"noopener\">MOTIVA\u010cN\u00dd KURZ<\/a><br \/>\n<img loading=\"lazy\" decoding=\"async\" class=\"alignnone wp-image-436\" src=\"https:\/\/regrescoaching.com\/wp-content\/uploads\/2022\/08\/nove.png\" alt=\"\" width=\"20\" height=\"13\" \/>\u00a0 <a href=\"https:\/\/regrescoaching.com\/12-cakier\/\" rel=\"noopener\">12 \u010cAKIER<\/a><br \/>\n<a href=\"https:\/\/regrescoaching.com\/reiki\/\">REIKI I &#8211; IV<\/a><br \/>\n<a href=\"https:\/\/regrescoaching.com\/regresny-kurz\/\">REGRESN\u00dd COACHING<\/a><\/p>\n","protected":false},"excerpt":{"rendered":"<p>Term\u00edny Term\u00edn stretnutia si dohodneme mailom alebo mobilom (sms, wa, &#8230;) tak, aby V\u00e1m to vyhovovalo. Pracujem cez t\u00fd\u017ede\u0148, v\u00edkend aj v dni pracovn\u00e9ho vo\u013ena Coaching a poradenstvo V\u00fdpo\u010det plodn\u00fdch &#8230;<\/p>\n","protected":false},"author":1,"featured_media":0,"parent":0,"menu_order":0,"comment_status":"closed","ping_status":"open","template":"","meta":{"footnotes":""},"class_list":["post-46","page","type-page","status-publish","hentry"],"translation":{"provider":"WPGlobus","version":"3.0.2","language":"en","enabled_languages":["sk","en","de"],"languages":{"sk":{"title":true,"content":true,"excerpt":false},"en":{"title":false,"content":false,"excerpt":false},"de":{"title":false,"content":false,"excerpt":false}}},"_links":{"self":[{"href":"https:\/\/regrescoaching.com\/en\/wp-json\/wp\/v2\/pages\/46","targetHints":{"allow":["GET"]}}],"collection":[{"href":"https:\/\/regrescoaching.com\/en\/wp-json\/wp\/v2\/pages"}],"about":[{"href":"https:\/\/regrescoaching.com\/en\/wp-json\/wp\/v2\/types\/page"}],"author":[{"embeddable":true,"href":"https:\/\/regrescoaching.com\/en\/wp-json\/wp\/v2\/users\/1"}],"replies":[{"embeddable":true,"href":"https:\/\/regrescoaching.com\/en\/wp-json\/wp\/v2\/comments?post=46"}],"version-history":[{"count":4,"href":"https:\/\/regrescoaching.com\/en\/wp-json\/wp\/v2\/pages\/46\/revisions"}],"predecessor-version":[{"id":10541,"href":"https:\/\/regrescoaching.com\/en\/wp-json\/wp\/v2\/pages\/46\/revisions\/10541"}],"wp:attachment":[{"href":"https:\/\/regrescoaching.com\/en\/wp-json\/wp\/v2\/media?parent=46"}],"curies":[{"name":"wp","href":"https:\/\/api.w.org\/{rel}","templated":true}]}}