{"id":77,"date":"2023-06-16T22:45:03","date_gmt":"2023-06-16T20:45:03","guid":{"rendered":"http:\/\/regrescoaching.com\/?page_id=77"},"modified":"2023-06-16T22:45:03","modified_gmt":"2023-06-16T20:45:03","slug":"vypocet-plodnych-dni","status":"publish","type":"page","link":"https:\/\/regrescoaching.com\/en\/vypocet-plodnych-dni\/","title":{"rendered":"V\u00fdpo\u010det plodn\u00fdch dn\u00ed"},"content":{"rendered":"<h1>V\u00fdpo\u010det plodn\u00fdch dn\u00ed\u00a0 &#8211; pod\u013ea Dr.Jon\u00e1\u0161a<\/h1>\n<p><strong><img loading=\"lazy\" decoding=\"async\" class=\"alignleft wp-image-387\" src=\"https:\/\/regrescoaching.com\/wp-content\/uploads\/2022\/08\/counting-day-of-ovulation-1024x679.jpg\" alt=\"\" width=\"400\" height=\"265\" \/>OPLODNENIE<\/strong><\/p>\n<p>1. Optim\u00e1lny \u010das plodnosti u \u017eeny sa dostav\u00ed vo f\u00e1ze takej istej, pri akej sa \u017eena narodila, nez\u00e1visle na \u010dase men\u0161trua\u010dn\u00e9ho cyklu.<\/p>\n<p>2. V \u010dase plodnosti ud\u00e1va poloha Mesiaca v kladnom alebo v z\u00e1pornom znamen\u00ed zverokruhu mu\u017esk\u00e9 alebo \u017eensk\u00e9 pohlavie die\u0165a\u0165a. Ak jee na hranici, vtedy sa ned\u00e1 ur\u010di\u0165 pohlavie.<\/p>\n<p>3. Astrologicky nepriazniv\u00e9 \u00a0rozlo\u017eenie nebesk\u00fdch telies vzh\u013eadom k Mesiacu v dobe po\u010datia a jeho dispozitora, ktor\u00fdm je vl\u00e1dca znamenia v ktorom Mesiac pob\u00fdv\u00e1, zapr\u00ed\u010di\u0148uje men\u0161ie \u017eivotaschopnosti po\u010dat\u00e9ho plodu pod\u013ea n\u00e1chylnosti, ktor\u00e1 ukazuje horoskop narodenia bud\u00facej matky.<\/p>\n<p>\u00a0<\/p>\n<p>\u00a0<\/p>\n<p style=\"text-align: center;\"><strong>Plodn\u00e9 dni s\u00fa 13 x do roka. Pohlavn\u00fd styk je najvhodnej\u0161\u00ed v tento okam\u017eik, eventu\u00e1lne 1-2 dni predt\u00fdm.<br \/>\nAk padne tento de\u0148 na obdobie men\u0161tru\u00e1cie, je nutn\u00e9 napriek tomu styk previes\u0165.<\/strong><\/p>\n","protected":false},"excerpt":{"rendered":"<p>V\u00fdpo\u010det plodn\u00fdch dn\u00ed\u00a0 &#8211; pod\u013ea Dr.Jon\u00e1\u0161a OPLODNENIE 1. Optim\u00e1lny \u010das plodnosti u \u017eeny sa dostav\u00ed vo f\u00e1ze takej istej, pri akej sa \u017eena narodila, nez\u00e1visle na \u010dase men\u0161trua\u010dn\u00e9ho cyklu. 2. &#8230;<\/p>\n","protected":false},"author":1,"featured_media":0,"parent":0,"menu_order":0,"comment_status":"closed","ping_status":"closed","template":"","meta":{"footnotes":""},"class_list":["post-77","page","type-page","status-publish","hentry"],"translation":{"provider":"WPGlobus","version":"3.0.2","language":"en","enabled_languages":["sk","en","de"],"languages":{"sk":{"title":true,"content":true,"excerpt":false},"en":{"title":false,"content":false,"excerpt":false},"de":{"title":false,"content":false,"excerpt":false}}},"_links":{"self":[{"href":"https:\/\/regrescoaching.com\/en\/wp-json\/wp\/v2\/pages\/77","targetHints":{"allow":["GET"]}}],"collection":[{"href":"https:\/\/regrescoaching.com\/en\/wp-json\/wp\/v2\/pages"}],"about":[{"href":"https:\/\/regrescoaching.com\/en\/wp-json\/wp\/v2\/types\/page"}],"author":[{"embeddable":true,"href":"https:\/\/regrescoaching.com\/en\/wp-json\/wp\/v2\/users\/1"}],"replies":[{"embeddable":true,"href":"https:\/\/regrescoaching.com\/en\/wp-json\/wp\/v2\/comments?post=77"}],"version-history":[{"count":1,"href":"https:\/\/regrescoaching.com\/en\/wp-json\/wp\/v2\/pages\/77\/revisions"}],"predecessor-version":[{"id":78,"href":"https:\/\/regrescoaching.com\/en\/wp-json\/wp\/v2\/pages\/77\/revisions\/78"}],"wp:attachment":[{"href":"https:\/\/regrescoaching.com\/en\/wp-json\/wp\/v2\/media?parent=77"}],"curies":[{"name":"wp","href":"https:\/\/api.w.org\/{rel}","templated":true}]}}