{"id":81,"date":"2023-06-16T22:45:41","date_gmt":"2023-06-16T20:45:41","guid":{"rendered":"http:\/\/regrescoaching.com\/?page_id=81"},"modified":"2023-06-16T22:45:41","modified_gmt":"2023-06-16T20:45:41","slug":"regresny-kurz","status":"publish","type":"page","link":"https:\/\/regrescoaching.com\/en\/regresny-kurz\/","title":{"rendered":"Regresn\u00fd kurz"},"content":{"rendered":"<h3>\u00davod<\/h3>\n<p>Du\u0161evn\u00e9 poranenia minulosti, ktor\u00e9 my nepozn\u00e1me (alebo nechceme o nich vedie\u0165), n\u00e1s neust\u00e1le prenasleduj\u00fa ako tiene a maj\u00fa nad nami zvl\u00e1\u0161tnu moc. Zapr\u00ed\u010di\u0148uj\u00fa spr\u00e1vacie vzory a nechcen\u00e9 (podvedom\u00e9) reakcie. Ak ich spozn\u00e1me, stratia tieto vzory ve\u013ea svojej moci a potom sme schopn\u00ed s nimi spojen\u00e9 pocity v na\u0161om podvedom\u00ed, (ktor\u00e9 boli pochovan\u00e9) vy\u017ei\u0165, uvo\u013eni\u0165 ich a st\u00e1vame sa vo\u013en\u00fdmi.<\/p>\n<p>\u00a0<\/p>\n<h3>Z\u00e1kladn\u00e9 info<\/h3>\n<p><strong>Miesto konania:<\/strong> Bratislava<br \/>\n<strong>Potrebn\u00e9 pom\u00f4cky:<\/strong> papu\u010de (hrub\u00e9 pono\u017eky), pohodln\u00fd odev, nahr\u00e1vacie zariadenie<br \/>\n<strong>Podmienka \u00fa\u010dasti:<\/strong> \u00fahrada z\u00e1lohy<\/p>\n<p>\u00a0<\/p>\n<h3>Z\u00e1kladn\u00fd kurz<\/h3>\n<p>Teoretick\u00e1 a praktick\u00e1 v\u00fdu\u010dba jednotliv\u00fdch a skupinov\u00fdch regresov s cie\u013eom nau\u010di\u0165 sa nehypnotick\u00fd regres.<\/p>\n<p>\u00a0<\/p>\n<h4><strong>Priebeh kurzu<\/strong><\/h4>\n<p><strong>Piatok:<\/strong><\/p>\n<p style=\"padding-left: 40px;\">prezent\u00e1cia 9.00 &#8211; 10.00 hod. a doplatok sumy<br \/>\nobdr\u017eanie materi\u00e1lov a pom\u00f4cok ku kurzu<\/p>\n<p><strong>V\u00fdu\u010dba:<\/strong><\/p>\n<p style=\"padding-left: 40px;\">piatok: od 11.00 &#8211; 18.00 hod.<br \/>\nsobota: od 9.00 &#8211; 18.00 hod.<br \/>\nnede\u013ea: od 9.00 &#8211; 18.00 hod.<\/p>\n<p>\u00a0<\/p>\n<h3>Nadstavbov\u00fd kurz<\/h3>\n<p>Zjemnenie met\u00f3dy cez nov\u00e9 poznatky. Terapeutick\u00e9 pou\u017eitie regresu.<\/p>\n<p><strong>Priebeh v\u00fdu\u010dby: <\/strong><\/p>\n<p style=\"padding-left: 40px;\">piatok: od 9.00 &#8211; 18.00 hod.<br \/>\nsobota: od 9.00 &#8211; 18.00 hod.<br \/>\nnede\u013ea: od 9.00 &#8211; 16.00 hod.<\/p>\n","protected":false},"excerpt":{"rendered":"<p>\u00davod Du\u0161evn\u00e9 poranenia minulosti, ktor\u00e9 my nepozn\u00e1me (alebo nechceme o nich vedie\u0165), n\u00e1s neust\u00e1le prenasleduj\u00fa ako tiene a maj\u00fa nad nami zvl\u00e1\u0161tnu moc. Zapr\u00ed\u010di\u0148uj\u00fa spr\u00e1vacie vzory a nechcen\u00e9 (podvedom\u00e9) reakcie. &#8230;<\/p>\n","protected":false},"author":1,"featured_media":0,"parent":0,"menu_order":0,"comment_status":"closed","ping_status":"closed","template":"","meta":{"footnotes":""},"class_list":["post-81","page","type-page","status-publish","hentry"],"translation":{"provider":"WPGlobus","version":"3.0.2","language":"en","enabled_languages":["sk","en","de"],"languages":{"sk":{"title":true,"content":true,"excerpt":false},"en":{"title":false,"content":false,"excerpt":false},"de":{"title":false,"content":false,"excerpt":false}}},"_links":{"self":[{"href":"https:\/\/regrescoaching.com\/en\/wp-json\/wp\/v2\/pages\/81","targetHints":{"allow":["GET"]}}],"collection":[{"href":"https:\/\/regrescoaching.com\/en\/wp-json\/wp\/v2\/pages"}],"about":[{"href":"https:\/\/regrescoaching.com\/en\/wp-json\/wp\/v2\/types\/page"}],"author":[{"embeddable":true,"href":"https:\/\/regrescoaching.com\/en\/wp-json\/wp\/v2\/users\/1"}],"replies":[{"embeddable":true,"href":"https:\/\/regrescoaching.com\/en\/wp-json\/wp\/v2\/comments?post=81"}],"version-history":[{"count":1,"href":"https:\/\/regrescoaching.com\/en\/wp-json\/wp\/v2\/pages\/81\/revisions"}],"predecessor-version":[{"id":82,"href":"https:\/\/regrescoaching.com\/en\/wp-json\/wp\/v2\/pages\/81\/revisions\/82"}],"wp:attachment":[{"href":"https:\/\/regrescoaching.com\/en\/wp-json\/wp\/v2\/media?parent=81"}],"curies":[{"name":"wp","href":"https:\/\/api.w.org\/{rel}","templated":true}]}}