{"id":87,"date":"2023-06-16T22:46:28","date_gmt":"2023-06-16T20:46:28","guid":{"rendered":"http:\/\/regrescoaching.com\/?page_id=87"},"modified":"2023-06-16T22:46:28","modified_gmt":"2023-06-16T20:46:28","slug":"motivacny-kurz","status":"publish","type":"page","link":"https:\/\/regrescoaching.com\/en\/motivacny-kurz\/","title":{"rendered":"Motiva\u010dn\u00fd kurz"},"content":{"rendered":"<h3>Z\u00e1kladn\u00e9 info<\/h3>\n<p>1 d\u0148ov\u00fd kurz pozost\u00e1va z 2 \u010dast\u00ed a s\u00fa\u010das\u0165ou kurzu je ob\u010derstvenie (tepl\u00e9 a studen\u00e9 n\u00e1poje, sladk\u00e9,&#8230;), obed a pracovn\u00e9 pom\u00f4cky.<br \/>\nKurz za\u010d\u00edna r\u00e1no o 9:00 a kon\u010d\u00ed pribli\u017ene o 15:00<\/p>\n<p>\u00a0<\/p>\n<h3>Hlavn\u00e9 t\u00e9my kurzu<\/h3>\n<ol>\n<li>Zme\u0148 svoje zm\u00fd\u0161\u013eanie \u2013 mimo LOGIKU!<\/li>\n<li>Uchop svoj \u017eivot do vlastn\u00fdch r\u00fak!<\/li>\n<\/ol>\n<p>\u00a0<\/p>\n<h3>Program:<\/h3>\n<p><strong>\u201eZme\u0148 svoje zm\u00fd\u0161\u013eanie \u2013 mimo LOGIKU!\u201c<\/strong><\/p>\n<ul>\n<li>\u013eav\u00e1 a prav\u00e1 hemisf\u00e9ra<\/li>\n<li>vizualiz\u00e1cie, predstavy<\/li>\n<li>sila vedomia &#8211; gama, beta<\/li>\n<li>sila podvedomia &#8211; alfa, delta, th\u00e9ta<\/li>\n<li>harmoniz\u00e1cia \u010dakier<\/li>\n<li>programovanie vody \/Dr. M. EMOTO\/<\/li>\n<li>lie\u010dnie farbami<\/li>\n<li>o\u010dista \u201e sie\u0165kou\u201c<\/li>\n<li>sila my\u0161lienky na n\u00e1\u0161 \u017eivot &#8211; \u201eZ\u00e1kon pri\u0165ahovania \u201e<\/li>\n<li>vonkaj\u0161\u00ed svet \/pozorovate\u013e\/<\/li>\n<li>vn\u00fatorn\u00fd svet \/Mary Poppins\/<\/li>\n<\/ul>\n<p>\u00a0<\/p>\n<p><strong>Obed<\/strong><\/p>\n<p>\u00a0<\/p>\n<p><strong>\u201eUchop svoj \u017eivot do vlastn\u00fdch r\u00fak!\u201c<\/strong><\/p>\n<ul>\n<li>cie\u013e, z\u00e1mer \u2013 nestr\u00e1ca\u0165 s n\u00edm kontakt<\/li>\n<li>techniky kontaktu: A4 papier, prst, pero, svie\u010dka<\/li>\n<li>strachy<\/li>\n<li>vplyv okolia<\/li>\n<li>star\u00e9 presved\u010denia<\/li>\n<li>d\u00f4le\u017eitos\u0165 d\u00fdchania<\/li>\n<\/ul>\n","protected":false},"excerpt":{"rendered":"<p>Z\u00e1kladn\u00e9 info 1 d\u0148ov\u00fd kurz pozost\u00e1va z 2 \u010dast\u00ed a s\u00fa\u010das\u0165ou kurzu je ob\u010derstvenie (tepl\u00e9 a studen\u00e9 n\u00e1poje, sladk\u00e9,&#8230;), obed a pracovn\u00e9 pom\u00f4cky. Kurz za\u010d\u00edna r\u00e1no o 9:00 a kon\u010d\u00ed &#8230;<\/p>\n","protected":false},"author":1,"featured_media":0,"parent":0,"menu_order":0,"comment_status":"closed","ping_status":"closed","template":"","meta":{"footnotes":""},"class_list":["post-87","page","type-page","status-publish","hentry"],"translation":{"provider":"WPGlobus","version":"3.0.2","language":"en","enabled_languages":["sk","en","de"],"languages":{"sk":{"title":true,"content":true,"excerpt":false},"en":{"title":false,"content":false,"excerpt":false},"de":{"title":false,"content":false,"excerpt":false}}},"_links":{"self":[{"href":"https:\/\/regrescoaching.com\/en\/wp-json\/wp\/v2\/pages\/87","targetHints":{"allow":["GET"]}}],"collection":[{"href":"https:\/\/regrescoaching.com\/en\/wp-json\/wp\/v2\/pages"}],"about":[{"href":"https:\/\/regrescoaching.com\/en\/wp-json\/wp\/v2\/types\/page"}],"author":[{"embeddable":true,"href":"https:\/\/regrescoaching.com\/en\/wp-json\/wp\/v2\/users\/1"}],"replies":[{"embeddable":true,"href":"https:\/\/regrescoaching.com\/en\/wp-json\/wp\/v2\/comments?post=87"}],"version-history":[{"count":1,"href":"https:\/\/regrescoaching.com\/en\/wp-json\/wp\/v2\/pages\/87\/revisions"}],"predecessor-version":[{"id":88,"href":"https:\/\/regrescoaching.com\/en\/wp-json\/wp\/v2\/pages\/87\/revisions\/88"}],"wp:attachment":[{"href":"https:\/\/regrescoaching.com\/en\/wp-json\/wp\/v2\/media?parent=87"}],"curies":[{"name":"wp","href":"https:\/\/api.w.org\/{rel}","templated":true}]}}