{"id":91,"date":"2023-06-16T22:47:04","date_gmt":"2023-06-16T20:47:04","guid":{"rendered":"http:\/\/regrescoaching.com\/?page_id=91"},"modified":"2023-06-16T22:47:04","modified_gmt":"2023-06-16T20:47:04","slug":"12-cakier","status":"publish","type":"page","link":"https:\/\/regrescoaching.com\/en\/12-cakier\/","title":{"rendered":"12 \u010dakier"},"content":{"rendered":"<h3>Z\u00e1kladn\u00e9 info<\/h3>\n<p>1 d\u0148ov\u00fd kurz pozost\u00e1va z 2 \u010dast\u00ed a s\u00fa\u010das\u0165ou kurzu je ob\u010derstvenie (tepl\u00e9 a studen\u00e9 n\u00e1poje, sladk\u00e9,&#8230;), obed a pracovn\u00e9 pom\u00f4cky.<br \/>\nKurz za\u010d\u00edna r\u00e1no o 9:00 a kon\u010d\u00ed pribli\u017ene o 15:00<\/p>\n<p>\u00a0<\/p>\n<h3>Program:<\/h3>\n<ul>\n<li>medit\u00e1cia na Tvoje \u201ejasno zmysly\u201c &#8211; <strong>ARCHANJEL RAFAEL<\/strong><\/li>\n<li>Kvetina \u017eivot &#8211; sv\u00e4t\u00e1 geometria, port\u00e1l&#8230;<\/li>\n<li>medit\u00e1cia s Tvojim Ochrann\u00fdm Anjelom<\/li>\n<li>medit\u00e1cia s Tvojim Duchovn\u00fdm Sprievodcom<\/li>\n<li><strong>aktiv\u00e1cia 12 \u010dakier &#8211;\u00a0 Metatr\u00f3n &#8211; \u00a0nov\u00e9 k\u00f3dy, symboly<\/strong><\/li>\n<\/ul>\n<p>\u00a0<\/p>\n<p><strong>Obed<\/strong><\/p>\n<ul>\n<li>energia Tvojho domu, bytu, izby, vonn\u00e9 oleje, svie\u010dky &#8230;<\/li>\n<li>denn\u00e9 \u010distenie \u010dakier, uzem\u0148ovanie<\/li>\n<li>medit\u00e1cia s\u00a0<strong>ARCHANJELOM GABRIEL<\/strong> \u2013 om \u2013 v\u00edzia bud\u00facnosti &#8230;o 1 rok&#8230;o 2 roky&#8230;<\/li>\n<li>5 nanovo aktivovan\u00fdch \u010dakier \u2013 farby, v\u00fdznam&#8230;<\/li>\n<li>Plat\u00f3nova numerol\u00f3gia \/ majstrovsk\u00e9 \u010disla, Tvoj kame\u0148, pl\u00e1n Tvojej du\u0161e\/<\/li>\n<li>medit\u00e1cia s\u00a0<strong>ARCHANJELOM MICHAEL<\/strong> \u2013 om \/ochrann\u00fd pl\u00e1\u0161\u0165\/<\/li>\n<\/ul>\n","protected":false},"excerpt":{"rendered":"<p>Z\u00e1kladn\u00e9 info 1 d\u0148ov\u00fd kurz pozost\u00e1va z 2 \u010dast\u00ed a s\u00fa\u010das\u0165ou kurzu je ob\u010derstvenie (tepl\u00e9 a studen\u00e9 n\u00e1poje, sladk\u00e9,&#8230;), obed a pracovn\u00e9 pom\u00f4cky. Kurz za\u010d\u00edna r\u00e1no o 9:00 a kon\u010d\u00ed &#8230;<\/p>\n","protected":false},"author":1,"featured_media":0,"parent":0,"menu_order":0,"comment_status":"closed","ping_status":"closed","template":"","meta":{"footnotes":""},"class_list":["post-91","page","type-page","status-publish","hentry"],"translation":{"provider":"WPGlobus","version":"3.0.2","language":"en","enabled_languages":["sk","en","de"],"languages":{"sk":{"title":true,"content":true,"excerpt":false},"en":{"title":false,"content":false,"excerpt":false},"de":{"title":false,"content":false,"excerpt":false}}},"_links":{"self":[{"href":"https:\/\/regrescoaching.com\/en\/wp-json\/wp\/v2\/pages\/91","targetHints":{"allow":["GET"]}}],"collection":[{"href":"https:\/\/regrescoaching.com\/en\/wp-json\/wp\/v2\/pages"}],"about":[{"href":"https:\/\/regrescoaching.com\/en\/wp-json\/wp\/v2\/types\/page"}],"author":[{"embeddable":true,"href":"https:\/\/regrescoaching.com\/en\/wp-json\/wp\/v2\/users\/1"}],"replies":[{"embeddable":true,"href":"https:\/\/regrescoaching.com\/en\/wp-json\/wp\/v2\/comments?post=91"}],"version-history":[{"count":1,"href":"https:\/\/regrescoaching.com\/en\/wp-json\/wp\/v2\/pages\/91\/revisions"}],"predecessor-version":[{"id":92,"href":"https:\/\/regrescoaching.com\/en\/wp-json\/wp\/v2\/pages\/91\/revisions\/92"}],"wp:attachment":[{"href":"https:\/\/regrescoaching.com\/en\/wp-json\/wp\/v2\/media?parent=91"}],"curies":[{"name":"wp","href":"https:\/\/api.w.org\/{rel}","templated":true}]}}